{"id":119,"date":"2015-04-23T23:21:11","date_gmt":"2015-04-23T21:21:11","guid":{"rendered":"http:\/\/jahrgang-66.de\/?page_id=119"},"modified":"2023-01-13T18:11:47","modified_gmt":"2023-01-13T17:11:47","slug":"kontakt-impressum","status":"publish","type":"page","link":"https:\/\/jahrgang-66.de\/?page_id=119","title":{"rendered":"Kontakt \/ Impressum"},"content":{"rendered":"<p style=\"text-align: left;\"><strong>KONTAKT<\/strong><\/p>\n<p style=\"text-align: left;\">E-Mail: <strong><a href=\"mailto:66@jahrgang-66.de\">66 @ jahrgang-66.de<\/a><\/strong><\/p>\n<p>Jahrgangsvorstand<br \/>\nThomas Reichmann<br \/>\nRohrentalstra\u00dfe 12<br \/>\n78549 Spaichingen<\/p>\n<p style=\"text-align: left;\">Telefon: 0 74 24 \/ 45 75<br \/>\ne-mail: <strong><a href=\"mailto:vorstand@jahrgang-66.de\"><span class=\"trimEmail\">vorstand @ jahrgang-66.de<\/span><\/a><\/strong><\/p>\n<p>Kassiererin\/Adressenliste<br \/>\nBettina&nbsp;Bernhard<br \/>\nB\u00f6ttinger Stra\u00dfe 5<br \/>\n78549 Spaichingen<\/p>\n<p style=\"text-align: left;\">Telefon: 0 74 24 \/ 66 36<br \/>\ne-mail: <strong><a href=\"mailto:kasse@jahrgang-66.de\"><span class=\"trimEmail\">kasse @ jahrgang-66.de<\/span><\/a><\/strong><\/p>\n<p>IMPRESSUM<\/p>\n<p style=\"text-align: left;\">Verantwortlich f\u00fcr diese Homepage ist<\/p>\n<p style=\"text-align: left;\">Karsten Schmieder<br \/>\nMarktplatz 6<br \/>\n78549 Spaichingen<\/p>\n<p style=\"text-align: left;\">Telefon: 0 74 24 \/ 66 25 (p), 50 29 60 (g)<br \/>\nTelefax: 0 74 24 \/ 50 29 62<br \/>\ne-mail: <strong><a href=\"mailto:webmaster@jahrgang-66.de\"><span class=\"trimEmail\">webmaster @ jahrgang-66.de<\/span><\/a><\/strong><\/p>\n<p>Haftungsausschlu\u00df &amp; Copyright<\/p>\n<p style=\"text-align: left;\">Diese Internetseiten bieten Ihnen Informationen, die regelm\u00e4\u00dfig aktualisiert werden. Sie k\u00f6nnen diese Informationen speichern und Verkn\u00fcpfungen zu unseren Seiten einrichten. Bei Verlinkung von kommerziellen Anbietern m\u00fcssen die Seiten von&nbsp;&nbsp; jahrgang-66.de&nbsp;&nbsp; alleiniger Bestandteil des Navigator-Fensters sein.<\/p>\n<p style=\"text-align: left;\">Die Informationen d\u00fcrfen nicht ver\u00e4ndert oder verf\u00e4lscht werden. Bez\u00fcglich des Inhaltes der eigenen Seiten ist die Haftung f\u00fcr die Aktualit\u00e4t, Vollst\u00e4ndigkeit oder Qualit\u00e4t ausgeschlossen. Alle kostenfreien Angebote sind unverbindlich.<\/p>\n<p style=\"text-align: left;\"><span class=\"S5\"> jahrgang-66.de beh\u00e4lt es sich vor, jederzeit ohne vorherige Ank\u00fcndigung das Angebot zu ver\u00e4ndern, zu erg\u00e4nzen, zu l\u00f6schen oder die Ver\u00f6ffentlichung einzustellen. Das Layout der Homepage, die verwendeten Grafiken, Bilder sowie die sonstigen Inhalte sind urheberrechtlich gesch\u00fctzt. Alle Rechte vorbehalten.<\/span><\/p>\n<p style=\"text-align: left;\"><img decoding=\"async\" src=\"https:\/\/i0.wp.com\/ra-schmieder.de\/media\/t1x1.gif?resize=30%2C14\" alt=\"\" width=\"30 px\" height=\"14 px\" data-recalc-dims=\"1\"><\/p>\n<p style=\"text-align: left;\">Links auf Internet &#8211; Seiten Dritter<\/p>\n<p style=\"text-align: left;\">Die ver\u00f6ffentlichten Links werden mit gr\u00f6\u00dftm\u00f6glicher Sorgfalt recherchiert und zusammengestellt.<br \/>\njahrgang-66.de hat keinen Einfluss auf die aktuelle und zuk\u00fcnftige Gestaltung und Inhalte der verlinkten Seiten.<\/p>\n<p style=\"text-align: left;\">jahrgang-66.de&nbsp;ist nicht f\u00fcr den Inhalt der verkn\u00fcpften Seiten verantwortlich und macht sich deren Inhalt nicht zu eigen. F\u00fcr illegale, fehlerhafte oder unvollst\u00e4ndige Inhalte sowie f\u00fcr Sch\u00e4den, die durch die Nutzung oder Nichtnutzung der Informationen entstehen, haftet allein der Anbieter der Web-Site, auf die verwiesen wurde. Die Haftung desjenigen, der lediglich auf die Ver\u00f6ffentlichung durch einen Link hinweist, ist ausgeschlossen.<\/p>\n<p style=\"text-align: left;\">F\u00fcr fremde Hinweise ist&nbsp;jahrgang-66.de nur dann verantwortlich, wenn von ihnen, d.h. auch von einem eventuellen rechtswidrigen bzw. strafbaren Inhalt, positive Kenntnis besteht, und es technisch m\u00f6glich und zumutbar ist, deren Nutzung zu verhindern.<\/p>\n<p>&nbsp;<\/p>\n<p>&nbsp;<\/p>\n","protected":false},"excerpt":{"rendered":"<p class=\"excerpt\">KONTAKT E-Mail: 66 @ jahrgang-66.de Jahrgangsvorstand Thomas Reichmann Rohrentalstra\u00dfe 12 78549 Spaichingen Telefon: 0 74 24 \/ 45 75 e-mail: vorstand @ jahrgang-66.de Kassiererin\/Adressenliste Bettina&nbsp;Bernhard B\u00f6ttinger Stra\u00dfe 5 78549 Spaichingen Telefon: 0 74 24 \/ 66 36 e-mail: kasse @ jahrgang-66.de IMPRESSUM Verantwortlich f\u00fcr diese Homepage ist Karsten Schmieder Marktplatz 6 78549 Spaichingen Telefon: 0 74 24 \/ 66 25&hellip;<\/p>\n<p class=\"more-link-p\"><a class=\"btn btn-default\" href=\"https:\/\/jahrgang-66.de\/?page_id=119\">Read more<\/a><\/p>\n","protected":false},"author":1,"featured_media":0,"parent":0,"menu_order":0,"comment_status":"closed","ping_status":"closed","template":"","meta":{"ngg_post_thumbnail":0,"footnotes":""},"class_list":["post-119","page","type-page","status-publish","hentry"],"_links":{"self":[{"href":"https:\/\/jahrgang-66.de\/index.php?rest_route=\/wp\/v2\/pages\/119","targetHints":{"allow":["GET"]}}],"collection":[{"href":"https:\/\/jahrgang-66.de\/index.php?rest_route=\/wp\/v2\/pages"}],"about":[{"href":"https:\/\/jahrgang-66.de\/index.php?rest_route=\/wp\/v2\/types\/page"}],"author":[{"embeddable":true,"href":"https:\/\/jahrgang-66.de\/index.php?rest_route=\/wp\/v2\/users\/1"}],"replies":[{"embeddable":true,"href":"https:\/\/jahrgang-66.de\/index.php?rest_route=%2Fwp%2Fv2%2Fcomments&post=119"}],"version-history":[{"count":23,"href":"https:\/\/jahrgang-66.de\/index.php?rest_route=\/wp\/v2\/pages\/119\/revisions"}],"predecessor-version":[{"id":1221,"href":"https:\/\/jahrgang-66.de\/index.php?rest_route=\/wp\/v2\/pages\/119\/revisions\/1221"}],"wp:attachment":[{"href":"https:\/\/jahrgang-66.de\/index.php?rest_route=%2Fwp%2Fv2%2Fmedia&parent=119"}],"curies":[{"name":"wp","href":"https:\/\/api.w.org\/{rel}","templated":true}]}}